{"id":1990,"date":"2025-11-24T18:44:31","date_gmt":"2025-11-24T18:44:31","guid":{"rendered":"https:\/\/wttitans.com\/?page_id=1990"},"modified":"2026-02-24T17:59:01","modified_gmt":"2026-02-24T17:59:01","slug":"vejo-jegainiu-technine-prieziura","status":"publish","type":"page","link":"https:\/\/wttitans.com\/en\/paslaugos\/vejo-jegainiu-technine-prieziura\/","title":{"rendered":"Wind turbine maintenance services"},"content":{"rendered":"<div data-elementor-type=\"wp-page\" data-elementor-id=\"1990\" class=\"elementor elementor-1990\" data-elementor-post-type=\"page\">\n\t\t\t\t<div class=\"elementor-element elementor-element-3eb2830 e-flex e-con-boxed e-con e-parent\" data-id=\"3eb2830\" data-element_type=\"container\" data-e-type=\"container\">\n\t\t\t\t\t<div class=\"e-con-inner\">\n\t\t<div class=\"elementor-element elementor-element-8222142 e-con-full e-flex e-con e-child\" data-id=\"8222142\" data-element_type=\"container\" data-e-type=\"container\">\n\t\t<div class=\"elementor-element elementor-element-71cf264 e-con-full e-flex e-con e-child\" data-id=\"71cf264\" data-element_type=\"container\" data-e-type=\"container\">\n\t\t<div class=\"elementor-element elementor-element-7decbdb e-con-full e-flex e-con e-child\" data-id=\"7decbdb\" data-element_type=\"container\" data-e-type=\"container\">\n\t\t\t\t<div class=\"elementor-element elementor-element-2f34e64 elementor-widget elementor-widget-heading\" data-id=\"2f34e64\" data-element_type=\"widget\" data-e-type=\"widget\" data-widget_type=\"heading.default\">\n\t\t\t\t<div class=\"elementor-widget-container\">\n\t\t\t\t\t<h1 class=\"elementor-heading-title elementor-size-default\">Wind turbine maintenance services<\/h1>\t\t\t\t<\/div>\n\t\t\t\t<\/div>\n\t\t\t\t<div class=\"elementor-element elementor-element-2efe5af elementor-align-center elementor-widget elementor-widget-button\" data-id=\"2efe5af\" data-element_type=\"widget\" data-e-type=\"widget\" data-widget_type=\"button.default\">\n\t\t\t\t<div class=\"elementor-widget-container\">\n\t\t\t\t\t\t\t\t\t<div class=\"elementor-button-wrapper\">\n\t\t\t\t\t<a class=\"elementor-button elementor-button-link elementor-size-sm\" href=\"https:\/\/wttitans.com\/en\/kontaktai\/\">\n\t\t\t\t\t\t<span class=\"elementor-button-content-wrapper\">\n\t\t\t\t\t\t\t\t\t<span class=\"elementor-button-text\">Let\u2019s get in touch<\/span>\n\t\t\t\t\t<\/span>\n\t\t\t\t\t<\/a>\n\t\t\t\t<\/div>\n\t\t\t\t\t\t\t\t<\/div>\n\t\t\t\t<\/div>\n\t\t\t\t<div class=\"elementor-element elementor-element-7cef325 elementor-widget elementor-widget-text-editor\" data-id=\"7cef325\" data-element_type=\"widget\" data-e-type=\"widget\" data-widget_type=\"text-editor.default\">\n\t\t\t\t<div class=\"elementor-widget-container\">\n\t\t\t\t\t\t\t\t\t<h3 data-start=\"282\" data-end=\"316\">What is included in technical maintenance<\/h3>\n<ul data-start=\"1358\" data-end=\"1966\">\n<li data-start=\"318\" data-end=\"557\">\n<p data-start=\"320\" data-end=\"557\">Regular visual and technical inspections of the tower structure, blades, rotor, generator, drivetrain, and other key components.<\/p>\n<\/li>\n<li data-start=\"737\" data-end=\"868\">\n<p data-start=\"739\" data-end=\"868\">Lubrication, oil and filter replacement, and bearing maintenance to reduce wear and extend component service life.<\/p>\n<\/li>\n<li data-start=\"869\" data-end=\"1031\">\n<p data-start=\"871\" data-end=\"1031\">Verification of structural stability and safety, including assessment of the condition of towers, foundations, installation elements, and fastening systems.<\/p>\n<\/li>\n<li data-start=\"1170\" data-end=\"1327\">\n<p data-start=\"1172\" data-end=\"1327\">Prompt technical servicing and fault rectification- where defects are identified, repair works are carried out accordingly.<\/p>\n<\/li>\n<\/ul>\t\t\t\t\t\t\t\t<\/div>\n\t\t\t\t<\/div>\n\t\t\t\t<\/div>\n\t\t\t\t<\/div>\n\t\t\t\t<\/div>\n\t\t\t\t\t<\/div>\n\t\t\t\t<\/div>\n\t\t\t\t<\/div>","protected":false},"excerpt":{"rendered":"<p>V\u0117jo j\u0117gaini\u0173 technin\u0117 prie\u017ei\u016bra susisiekime Kas \u012feina \u012f technin\u0119 prie\u017ei\u016br\u0105 Reguliarios vizualin\u0117s ir technin\u0117s ap\u017ei\u016bros- bok\u0161to konstrukcijos, sparn\u0173, rotoriaus, generatoriaus, transmisijos ir kit\u0173 pagrindini\u0173 komponent\u0173. Tepimo, alyvos, filtr\u0173 keitimo ir guoli\u0173 prie\u017ei\u016bros darbai- siekiant suma\u017einti dilim\u0105 ir pailginti komponent\u0173 tarnavimo laik\u0105. Konstrukcij\u0173 stabilumo ir saugumo patikrinimas- bok\u0161t\u0173, pamato, montavimo element\u0173 ir tvirtinim\u0173 b\u016bkl\u0117s vertinimas. Operatyvus [&hellip;]<\/p>\n","protected":false},"author":2,"featured_media":0,"parent":1180,"menu_order":0,"comment_status":"closed","ping_status":"closed","template":"elementor_header_footer","meta":{"site-sidebar-layout":"no-sidebar","site-content-layout":"page-builder","ast-site-content-layout":"full-width-container","site-content-style":"default","site-sidebar-style":"default","ast-global-header-display":"","ast-banner-title-visibility":"","ast-main-header-display":"","ast-hfb-above-header-display":"","ast-hfb-below-header-display":"","ast-hfb-mobile-header-display":"","site-post-title":"disabled","ast-breadcrumbs-content":"","ast-featured-img":"disabled","footer-sml-layout":"","theme-transparent-header-meta":"","adv-header-id-meta":"","stick-header-meta":"","header-above-stick-meta":"","header-main-stick-meta":"","header-below-stick-meta":"","astra-migrate-meta-layouts":"set","ast-page-background-enabled":"default","ast-page-background-meta":{"desktop":{"background-color":"var(--ast-global-color-4)","background-image":"","background-repeat":"repeat","background-position":"center center","background-size":"auto","background-attachment":"scroll","background-type":"","background-media":"","overlay-type":"","overlay-color":"","overlay-opacity":"","overlay-gradient":""},"tablet":{"background-color":"","background-image":"","background-repeat":"repeat","background-position":"center center","background-size":"auto","background-attachment":"scroll","background-type":"","background-media":"","overlay-type":"","overlay-color":"","overlay-opacity":"","overlay-gradient":""},"mobile":{"background-color":"","background-image":"","background-repeat":"repeat","background-position":"center center","background-size":"auto","background-attachment":"scroll","background-type":"","background-media":"","overlay-type":"","overlay-color":"","overlay-opacity":"","overlay-gradient":""}},"ast-content-background-meta":{"desktop":{"background-color":"var(--ast-global-color-5)","background-image":"","background-repeat":"repeat","background-position":"center center","background-size":"auto","background-attachment":"scroll","background-type":"","background-media":"","overlay-type":"","overlay-color":"","overlay-opacity":"","overlay-gradient":""},"tablet":{"background-color":"var(--ast-global-color-5)","background-image":"","background-repeat":"repeat","background-position":"center center","background-size":"auto","background-attachment":"scroll","background-type":"","background-media":"","overlay-type":"","overlay-color":"","overlay-opacity":"","overlay-gradient":""},"mobile":{"background-color":"var(--ast-global-color-5)","background-image":"","background-repeat":"repeat","background-position":"center center","background-size":"auto","background-attachment":"scroll","background-type":"","background-media":"","overlay-type":"","overlay-color":"","overlay-opacity":"","overlay-gradient":""}},"footnotes":""},"class_list":["post-1990","page","type-page","status-publish","hentry"],"_links":{"self":[{"href":"https:\/\/wttitans.com\/en\/wp-json\/wp\/v2\/pages\/1990","targetHints":{"allow":["GET"]}}],"collection":[{"href":"https:\/\/wttitans.com\/en\/wp-json\/wp\/v2\/pages"}],"about":[{"href":"https:\/\/wttitans.com\/en\/wp-json\/wp\/v2\/types\/page"}],"author":[{"embeddable":true,"href":"https:\/\/wttitans.com\/en\/wp-json\/wp\/v2\/users\/2"}],"replies":[{"embeddable":true,"href":"https:\/\/wttitans.com\/en\/wp-json\/wp\/v2\/comments?post=1990"}],"version-history":[{"count":49,"href":"https:\/\/wttitans.com\/en\/wp-json\/wp\/v2\/pages\/1990\/revisions"}],"predecessor-version":[{"id":2535,"href":"https:\/\/wttitans.com\/en\/wp-json\/wp\/v2\/pages\/1990\/revisions\/2535"}],"up":[{"embeddable":true,"href":"https:\/\/wttitans.com\/en\/wp-json\/wp\/v2\/pages\/1180"}],"wp:attachment":[{"href":"https:\/\/wttitans.com\/en\/wp-json\/wp\/v2\/media?parent=1990"}],"curies":[{"name":"wp","href":"https:\/\/api.w.org\/{rel}","templated":true}]}}