{"id":1997,"date":"2025-11-24T18:46:00","date_gmt":"2025-11-24T18:46:00","guid":{"rendered":"https:\/\/wttitans.com\/?page_id=1997"},"modified":"2026-02-24T17:55:22","modified_gmt":"2026-02-24T17:55:22","slug":"diagnostika-ir-audituotos-patikros","status":"publish","type":"page","link":"https:\/\/wttitans.com\/en\/paslaugos\/diagnostika-ir-audituotos-patikros\/","title":{"rendered":"Diagnostics and audited inspections"},"content":{"rendered":"<div data-elementor-type=\"wp-page\" data-elementor-id=\"1997\" class=\"elementor elementor-1997\" data-elementor-post-type=\"page\">\n\t\t\t\t<div class=\"elementor-element elementor-element-36f201e e-flex e-con-boxed e-con e-parent\" data-id=\"36f201e\" data-element_type=\"container\" data-e-type=\"container\">\n\t\t\t\t\t<div class=\"e-con-inner\">\n\t\t<div class=\"elementor-element elementor-element-fd7f280 e-con-full e-flex e-con e-child\" data-id=\"fd7f280\" data-element_type=\"container\" data-e-type=\"container\">\n\t\t<div class=\"elementor-element elementor-element-356984a e-con-full e-flex e-con e-child\" data-id=\"356984a\" data-element_type=\"container\" data-e-type=\"container\">\n\t\t<div class=\"elementor-element elementor-element-1dafc96 e-con-full e-flex e-con e-child\" data-id=\"1dafc96\" data-element_type=\"container\" data-e-type=\"container\">\n\t\t\t\t<div class=\"elementor-element elementor-element-72244cb elementor-widget elementor-widget-heading\" data-id=\"72244cb\" data-element_type=\"widget\" data-e-type=\"widget\" data-widget_type=\"heading.default\">\n\t\t\t\t<div class=\"elementor-widget-container\">\n\t\t\t\t\t<h1 class=\"elementor-heading-title elementor-size-default\">Diagnostics and audited inspections<\/h1>\t\t\t\t<\/div>\n\t\t\t\t<\/div>\n\t\t\t\t<div class=\"elementor-element elementor-element-10c82e0 elementor-align-center elementor-widget elementor-widget-button\" data-id=\"10c82e0\" data-element_type=\"widget\" data-e-type=\"widget\" data-widget_type=\"button.default\">\n\t\t\t\t<div class=\"elementor-widget-container\">\n\t\t\t\t\t\t\t\t\t<div class=\"elementor-button-wrapper\">\n\t\t\t\t\t<a class=\"elementor-button elementor-button-link elementor-size-sm\" href=\"https:\/\/wttitans.com\/en\/kontaktai\/\">\n\t\t\t\t\t\t<span class=\"elementor-button-content-wrapper\">\n\t\t\t\t\t\t\t\t\t<span class=\"elementor-button-text\">Let\u2019s get in touch<\/span>\n\t\t\t\t\t<\/span>\n\t\t\t\t\t<\/a>\n\t\t\t\t<\/div>\n\t\t\t\t\t\t\t\t<\/div>\n\t\t\t\t<\/div>\n\t\t\t\t<div class=\"elementor-element elementor-element-66cfe81 elementor-widget elementor-widget-text-editor\" data-id=\"66cfe81\" data-element_type=\"widget\" data-e-type=\"widget\" data-widget_type=\"text-editor.default\">\n\t\t\t\t<div class=\"elementor-widget-container\">\n\t\t\t\t\t\t\t\t\t<h3 data-start=\"302\" data-end=\"329\">What is included in diagnostics<\/h3>\n<ul data-start=\"880\" data-end=\"1211\">\n<li data-start=\"331\" data-end=\"435\">\n<p data-start=\"333\" data-end=\"435\">Partial turbine condition analysis, including inspection of mechanical, electrical, and structural components.<\/p>\n<\/li>\n<li data-start=\"436\" data-end=\"538\">\n<p data-start=\"438\" data-end=\"538\">Partial fault detection and identification of root causes.<\/p>\n<\/li>\n<li data-start=\"539\" data-end=\"641\">\n<p data-start=\"541\" data-end=\"641\">Audited inspections enabling systematic assessment of the condition and performance of all key assemblies.<\/p>\n<\/li>\n<li data-start=\"642\" data-end=\"754\">\n<p data-start=\"644\" data-end=\"754\">Preparation of maintenance recommendations- outlining the required works, their priority levels, and the optimal timeframe for execution.<\/p>\n<\/li>\n<li data-start=\"755\" data-end=\"849\">\n<p data-start=\"757\" data-end=\"849\">Monitoring and planning of further analysis.<\/p><\/li>\n<\/ul>\t\t\t\t\t\t\t\t<\/div>\n\t\t\t\t<\/div>\n\t\t\t\t<\/div>\n\t\t\t\t<\/div>\n\t\t\t\t<\/div>\n\t\t\t\t\t<\/div>\n\t\t\t\t<\/div>\n\t\t\t\t<\/div>","protected":false},"excerpt":{"rendered":"<p>Diagnostika ir audituotos patikros susisiekime Kas \u012feina \u012f diagnostik\u0105 Dalin\u0117 j\u0117gain\u0117s b\u016bkl\u0117s analiz\u0117, \u012fskaitant mechanini\u0173, elektros ir strukt\u016brini\u0173 komponent\u0173 tikrinim\u0105. Dalinis gedim\u0173 nustatymas ir problem\u0173 \u0161altini\u0173 identifikavimas. Audituotos patikros, kurios leid\u017eia sistemingai \u012fvertinti vis\u0173 pagrindini\u0173 mazg\u0173 b\u016bkl\u0119 ir veikim\u0105. Prie\u017ei\u016bros rekomendacij\u0173 rengimas- nurodomi reikalingi darbai, j\u0173 prioritetai ir optimalus atlikimo laikas. Steb\u0117sena ir tolesn\u0117s analiz\u0117s [&hellip;]<\/p>\n","protected":false},"author":2,"featured_media":0,"parent":1180,"menu_order":0,"comment_status":"closed","ping_status":"closed","template":"elementor_header_footer","meta":{"site-sidebar-layout":"no-sidebar","site-content-layout":"page-builder","ast-site-content-layout":"full-width-container","site-content-style":"default","site-sidebar-style":"default","ast-global-header-display":"","ast-banner-title-visibility":"","ast-main-header-display":"","ast-hfb-above-header-display":"","ast-hfb-below-header-display":"","ast-hfb-mobile-header-display":"","site-post-title":"disabled","ast-breadcrumbs-content":"","ast-featured-img":"disabled","footer-sml-layout":"","theme-transparent-header-meta":"","adv-header-id-meta":"","stick-header-meta":"","header-above-stick-meta":"","header-main-stick-meta":"","header-below-stick-meta":"","astra-migrate-meta-layouts":"set","ast-page-background-enabled":"default","ast-page-background-meta":{"desktop":{"background-color":"var(--ast-global-color-4)","background-image":"","background-repeat":"repeat","background-position":"center center","background-size":"auto","background-attachment":"scroll","background-type":"","background-media":"","overlay-type":"","overlay-color":"","overlay-opacity":"","overlay-gradient":""},"tablet":{"background-color":"","background-image":"","background-repeat":"repeat","background-position":"center center","background-size":"auto","background-attachment":"scroll","background-type":"","background-media":"","overlay-type":"","overlay-color":"","overlay-opacity":"","overlay-gradient":""},"mobile":{"background-color":"","background-image":"","background-repeat":"repeat","background-position":"center center","background-size":"auto","background-attachment":"scroll","background-type":"","background-media":"","overlay-type":"","overlay-color":"","overlay-opacity":"","overlay-gradient":""}},"ast-content-background-meta":{"desktop":{"background-color":"var(--ast-global-color-5)","background-image":"","background-repeat":"repeat","background-position":"center center","background-size":"auto","background-attachment":"scroll","background-type":"","background-media":"","overlay-type":"","overlay-color":"","overlay-opacity":"","overlay-gradient":""},"tablet":{"background-color":"var(--ast-global-color-5)","background-image":"","background-repeat":"repeat","background-position":"center center","background-size":"auto","background-attachment":"scroll","background-type":"","background-media":"","overlay-type":"","overlay-color":"","overlay-opacity":"","overlay-gradient":""},"mobile":{"background-color":"var(--ast-global-color-5)","background-image":"","background-repeat":"repeat","background-position":"center center","background-size":"auto","background-attachment":"scroll","background-type":"","background-media":"","overlay-type":"","overlay-color":"","overlay-opacity":"","overlay-gradient":""}},"footnotes":""},"class_list":["post-1997","page","type-page","status-publish","hentry"],"_links":{"self":[{"href":"https:\/\/wttitans.com\/en\/wp-json\/wp\/v2\/pages\/1997","targetHints":{"allow":["GET"]}}],"collection":[{"href":"https:\/\/wttitans.com\/en\/wp-json\/wp\/v2\/pages"}],"about":[{"href":"https:\/\/wttitans.com\/en\/wp-json\/wp\/v2\/types\/page"}],"author":[{"embeddable":true,"href":"https:\/\/wttitans.com\/en\/wp-json\/wp\/v2\/users\/2"}],"replies":[{"embeddable":true,"href":"https:\/\/wttitans.com\/en\/wp-json\/wp\/v2\/comments?post=1997"}],"version-history":[{"count":25,"href":"https:\/\/wttitans.com\/en\/wp-json\/wp\/v2\/pages\/1997\/revisions"}],"predecessor-version":[{"id":2532,"href":"https:\/\/wttitans.com\/en\/wp-json\/wp\/v2\/pages\/1997\/revisions\/2532"}],"up":[{"embeddable":true,"href":"https:\/\/wttitans.com\/en\/wp-json\/wp\/v2\/pages\/1180"}],"wp:attachment":[{"href":"https:\/\/wttitans.com\/en\/wp-json\/wp\/v2\/media?parent=1997"}],"curies":[{"name":"wp","href":"https:\/\/api.w.org\/{rel}","templated":true}]}}