{"id":2001,"date":"2025-11-24T18:46:48","date_gmt":"2025-11-24T18:46:48","guid":{"rendered":"https:\/\/wttitans.com\/?page_id=2001"},"modified":"2026-02-24T17:48:04","modified_gmt":"2026-02-24T17:48:04","slug":"technine-pagalba-ir-avarinis-reagavimas","status":"publish","type":"page","link":"https:\/\/wttitans.com\/en\/paslaugos\/technine-pagalba-ir-avarinis-reagavimas\/","title":{"rendered":"Technical support and emergency response"},"content":{"rendered":"<div data-elementor-type=\"wp-page\" data-elementor-id=\"2001\" class=\"elementor elementor-2001\" data-elementor-post-type=\"page\">\n\t\t\t\t<div class=\"elementor-element elementor-element-e324fee e-flex e-con-boxed e-con e-parent\" data-id=\"e324fee\" data-element_type=\"container\" data-e-type=\"container\">\n\t\t\t\t\t<div class=\"e-con-inner\">\n\t\t<div class=\"elementor-element elementor-element-1ba74ec e-con-full e-flex e-con e-child\" data-id=\"1ba74ec\" data-element_type=\"container\" data-e-type=\"container\">\n\t\t<div class=\"elementor-element elementor-element-18b03b7 e-con-full e-flex e-con e-child\" data-id=\"18b03b7\" data-element_type=\"container\" data-e-type=\"container\">\n\t\t<div class=\"elementor-element elementor-element-a0bd6c0 e-con-full e-flex e-con e-child\" data-id=\"a0bd6c0\" data-element_type=\"container\" data-e-type=\"container\">\n\t\t\t\t<div class=\"elementor-element elementor-element-748e939 elementor-widget elementor-widget-heading\" data-id=\"748e939\" data-element_type=\"widget\" data-e-type=\"widget\" data-widget_type=\"heading.default\">\n\t\t\t\t<div class=\"elementor-widget-container\">\n\t\t\t\t\t<h1 class=\"elementor-heading-title elementor-size-default\">Technical support and emergency response<\/h1>\t\t\t\t<\/div>\n\t\t\t\t<\/div>\n\t\t\t\t<div class=\"elementor-element elementor-element-6306107 elementor-align-center elementor-widget elementor-widget-button\" data-id=\"6306107\" data-element_type=\"widget\" data-e-type=\"widget\" data-widget_type=\"button.default\">\n\t\t\t\t<div class=\"elementor-widget-container\">\n\t\t\t\t\t\t\t\t\t<div class=\"elementor-button-wrapper\">\n\t\t\t\t\t<a class=\"elementor-button elementor-button-link elementor-size-sm\" href=\"https:\/\/wttitans.com\/en\/kontaktai\/\">\n\t\t\t\t\t\t<span class=\"elementor-button-content-wrapper\">\n\t\t\t\t\t\t\t\t\t<span class=\"elementor-button-text\">Let\u2019s get in touch<\/span>\n\t\t\t\t\t<\/span>\n\t\t\t\t\t<\/a>\n\t\t\t\t<\/div>\n\t\t\t\t\t\t\t\t<\/div>\n\t\t\t\t<\/div>\n\t\t\t\t<div class=\"elementor-element elementor-element-298ad5f elementor-widget elementor-widget-text-editor\" data-id=\"298ad5f\" data-element_type=\"widget\" data-e-type=\"widget\" data-widget_type=\"text-editor.default\">\n\t\t\t\t<div class=\"elementor-widget-container\">\n\t\t\t\t\t\t\t\t\t<h3 data-start=\"320\" data-end=\"352\">What is included in technical support<\/h3>\n<ul data-start=\"917\" data-end=\"1262\">\n<li data-start=\"354\" data-end=\"459\">\n<p data-start=\"356\" data-end=\"459\">24\/7 emergency technical support enabling rapid response to faults and other unexpected disruptions.<\/p>\n<\/li>\n<li data-start=\"460\" data-end=\"579\">\n<p data-start=\"462\" data-end=\"579\">On-site or remote fault analysis.<\/p>\n<\/li>\n<li data-start=\"580\" data-end=\"681\">\n<p data-start=\"582\" data-end=\"681\">Execution of emergency repairs.<\/p>\n<\/li>\n<li data-start=\"682\" data-end=\"776\">\n<p data-start=\"684\" data-end=\"776\">Priority supply and installation of spare parts to minimize downtime.<\/p>\n<\/li>\n<li data-start=\"777\" data-end=\"886\">\n<p data-start=\"779\" data-end=\"886\">Post-incident maintenance and monitoring.<\/p><\/li>\n<\/ul>\t\t\t\t\t\t\t\t<\/div>\n\t\t\t\t<\/div>\n\t\t\t\t<\/div>\n\t\t\t\t<\/div>\n\t\t\t\t<\/div>\n\t\t\t\t\t<\/div>\n\t\t\t\t<\/div>\n\t\t\t\t<\/div>","protected":false},"excerpt":{"rendered":"<p>Technin\u0117 pagalba ir avarinis reagavimas susisiekime Kas \u012feina \u012f technin\u0119 pagalb\u0105 Skubi technin\u0117 pagalba 24\/7, leid\u017eianti operatyviai reaguoti \u012f gedimus ar kitus netik\u0117tus sutrikimus. Gedim\u0173 analiz\u0117 vietoje ar nuotoliniu b\u016bdu. Avarini\u0173 remont\u0173 vykdymas. Prioritetinis atsargini\u0173 dali\u0173 tiekimas ir montavimas, siekiant suma\u017einti prastovos laik\u0105. Poavarin\u0117 prie\u017ei\u016bra ir kontrol\u0117.<\/p>","protected":false},"author":2,"featured_media":0,"parent":1180,"menu_order":0,"comment_status":"closed","ping_status":"closed","template":"elementor_header_footer","meta":{"site-sidebar-layout":"no-sidebar","site-content-layout":"page-builder","ast-site-content-layout":"full-width-container","site-content-style":"default","site-sidebar-style":"default","ast-global-header-display":"","ast-banner-title-visibility":"","ast-main-header-display":"","ast-hfb-above-header-display":"","ast-hfb-below-header-display":"","ast-hfb-mobile-header-display":"","site-post-title":"disabled","ast-breadcrumbs-content":"","ast-featured-img":"disabled","footer-sml-layout":"","theme-transparent-header-meta":"","adv-header-id-meta":"","stick-header-meta":"","header-above-stick-meta":"","header-main-stick-meta":"","header-below-stick-meta":"","astra-migrate-meta-layouts":"set","ast-page-background-enabled":"default","ast-page-background-meta":{"desktop":{"background-color":"var(--ast-global-color-4)","background-image":"","background-repeat":"repeat","background-position":"center center","background-size":"auto","background-attachment":"scroll","background-type":"","background-media":"","overlay-type":"","overlay-color":"","overlay-opacity":"","overlay-gradient":""},"tablet":{"background-color":"","background-image":"","background-repeat":"repeat","background-position":"center center","background-size":"auto","background-attachment":"scroll","background-type":"","background-media":"","overlay-type":"","overlay-color":"","overlay-opacity":"","overlay-gradient":""},"mobile":{"background-color":"","background-image":"","background-repeat":"repeat","background-position":"center center","background-size":"auto","background-attachment":"scroll","background-type":"","background-media":"","overlay-type":"","overlay-color":"","overlay-opacity":"","overlay-gradient":""}},"ast-content-background-meta":{"desktop":{"background-color":"var(--ast-global-color-5)","background-image":"","background-repeat":"repeat","background-position":"center center","background-size":"auto","background-attachment":"scroll","background-type":"","background-media":"","overlay-type":"","overlay-color":"","overlay-opacity":"","overlay-gradient":""},"tablet":{"background-color":"var(--ast-global-color-5)","background-image":"","background-repeat":"repeat","background-position":"center center","background-size":"auto","background-attachment":"scroll","background-type":"","background-media":"","overlay-type":"","overlay-color":"","overlay-opacity":"","overlay-gradient":""},"mobile":{"background-color":"var(--ast-global-color-5)","background-image":"","background-repeat":"repeat","background-position":"center center","background-size":"auto","background-attachment":"scroll","background-type":"","background-media":"","overlay-type":"","overlay-color":"","overlay-opacity":"","overlay-gradient":""}},"footnotes":""},"class_list":["post-2001","page","type-page","status-publish","hentry"],"_links":{"self":[{"href":"https:\/\/wttitans.com\/en\/wp-json\/wp\/v2\/pages\/2001","targetHints":{"allow":["GET"]}}],"collection":[{"href":"https:\/\/wttitans.com\/en\/wp-json\/wp\/v2\/pages"}],"about":[{"href":"https:\/\/wttitans.com\/en\/wp-json\/wp\/v2\/types\/page"}],"author":[{"embeddable":true,"href":"https:\/\/wttitans.com\/en\/wp-json\/wp\/v2\/users\/2"}],"replies":[{"embeddable":true,"href":"https:\/\/wttitans.com\/en\/wp-json\/wp\/v2\/comments?post=2001"}],"version-history":[{"count":22,"href":"https:\/\/wttitans.com\/en\/wp-json\/wp\/v2\/pages\/2001\/revisions"}],"predecessor-version":[{"id":2526,"href":"https:\/\/wttitans.com\/en\/wp-json\/wp\/v2\/pages\/2001\/revisions\/2526"}],"up":[{"embeddable":true,"href":"https:\/\/wttitans.com\/en\/wp-json\/wp\/v2\/pages\/1180"}],"wp:attachment":[{"href":"https:\/\/wttitans.com\/en\/wp-json\/wp\/v2\/media?parent=2001"}],"curies":[{"name":"wp","href":"https:\/\/api.w.org\/{rel}","templated":true}]}}